{"id":57,"date":"2018-05-25T15:21:19","date_gmt":"2018-05-25T15:21:19","guid":{"rendered":"http:\/\/serwer1731114.home.pl\/autoinstalator\/wordpress\/?page_id=57"},"modified":"2026-03-26T20:24:56","modified_gmt":"2026-03-26T20:24:56","slug":"o-nas","status":"publish","type":"page","link":"https:\/\/alt-group.pl\/?page_id=57","title":{"rendered":"O NAS"},"content":{"rendered":"\n<h4>Odzia\u0142ywanie \u015bwiat\u0142em na form\u0119 architektoniczn\u0105 mo\u017ce podkre\u015bla\u0107 i wzmacnia\u0107 obraz lub odwrotnie zak\u0142\u00f3ca\u0107 widok, deformowa\u0107, odwraca\u0107 uwag\u0119 i kreowa\u0107 iluzoryczne obrazy.<br>Pos\u0142ugiwanie si\u0119 t\u0105 wiedz\u0105 daje ogromne mo\u017cliwo\u015bci kreowania przestrzeni i pokonywania granic.<br>Wprowadza te\u017c nowy kontekst, wywo\u0142uje wra\u017cenia i emocje poprzez odzia\u0142ywanie na bod\u017ace wzrokowe.<br>Pracujemy samodzielnie na zlecenie inwestor\u00f3w lub wsp\u00f3\u0142pracujemy z biurami architektonicznymi.<\/h4>\n\n\n<h5 class=\"wp-block-heading\">ALT GROUP jest autoryzowanym dystrybutorem produkt\u00f3w firmy BEGA na terenie Polski<\/h5>\n\n\n<h5>Biuro handlowe:<\/h5>\n<h6><strong>ALT GROUP<\/strong><br \/>\nUl Geodet\u00f3w 43\/16, 05-500 J\u00f3zefos\u0142aw, Polska<br>Telefon: +48\u00a0507768430<br>E-Mail: biuro@alt-group.pl<\/p>\n<\/h6>\n\n<h6><strong>Konrad Borkowski<\/strong><br \/>\n<span style=\"font-style: normal; color: #191e23;\">dyrektor zarz\u0105dzaj\u0105cy, Lighting Designer<\/span><br \/>\nk.borkowski@alt-group.pl<\/h6>\n<h6><strong>Marcin Skubiszewski<\/strong><br \/>\n<span style=\"font-style: normal; color: #191e23;\">dzia\u0142 projekt\u00f3w, Lighting Designer<\/span><br \/>\nm.skubiszewski@alt-group.pl<\/h6>\n<h6><strong>Micha\u0142 Pawlaczyk<br \/>\n<\/strong> <span style=\"font-style: normal; color: #191e23;\">dzia\u0142 projekt\u00f3w, Lighting Designer<\/span><br \/>\nm.pawlaczyk@alt-group.pl<\/h6>\n<h6><strong>Waldemar Nici\u0144ski<br \/>\n<\/strong><span style=\"font-style: normal; color: #191e23;\">Lighting Designer<\/span><br \/>\nw.nicinski@alt-group.pl<\/h6>\n<h6><strong>\u0141ukasz Dankowski<br \/>\n<\/strong><span style=\"font-style: normal; color: #191e23;\">Lighting Designer<\/span><br \/>\nl.dankowski@alt-group.pl<\/h6>\n<h6><strong>Hanna Borkowska<br \/>\n<\/strong><span style=\"font-style: normal; color: #191e23;\">realizacja zam\u00f3wie\u0144<\/span><br \/>\nh.borkowska@alt-group.pl<\/h6>\n<h6><strong>Pawe\u0142 Podg\u00f3rski<\/strong><br \/>\n<span style=\"font-style: normal; color: #191e23;\">ksi\u0119gowo\u015b\u0107, kadry<\/span><br \/>\np.podgorski@alt-group.pl<\/h6>\n<h6><strong>Ewa Bie\u0144kowska<\/strong><br \/>\n<span style=\"font-style: normal; color: #191e23;\">umowy, dzia\u0142 prawny<\/span><br \/>\ne.bienkowska@alt-group.pl<\/h6>\n<h6><strong>Bartek Borkowski<\/strong><br \/>\n<span style=\"font-style: normal; color: #191e23;\">logistyka, magazyn<\/span><br \/>\nmagazyn@alt-group.pl<\/h6>\n\n<h5>Showroom:<\/h5><h6><span style=\"font-style: normal; color: #191e23;\">Ul. Wiewi\u00f3rki 19, 05-506 Lesznowola, Polska<br>Telefon: +48\u00a0720827847<br>E-Mail: piotr.rusa@bega.com<\/span><\/h6>\n\n\n\n<h5>Centrala:<\/h5><h6><span style=\"font-style: normal; color: #191e23;\">Hennenbusch 1, 58708 Menden, Germany<br>Telefon: +49 2373 966-0<br>E-Mail: info@bega.de<\/span><\/h6>\n\n\n\n<p><\/p>\n\n\n\n\n\n<br\/><br\/><br\/><br\/>\n\n<figure class=\"wp-block-image size-large\"><img loading=\"lazy\" decoding=\"async\" width=\"1024\" height=\"683\" src=\"https:\/\/alt-group.pl\/wp-content\/uploads\/2026\/02\/WTT_380-1024x683.jpg\" alt=\"\" class=\"wp-image-823\" srcset=\"https:\/\/alt-group.pl\/wp-content\/uploads\/2026\/02\/WTT_380-1024x683.jpg 1024w, https:\/\/alt-group.pl\/wp-content\/uploads\/2026\/02\/WTT_380-300x200.jpg 300w, https:\/\/alt-group.pl\/wp-content\/uploads\/2026\/02\/WTT_380-768x512.jpg 768w, https:\/\/alt-group.pl\/wp-content\/uploads\/2026\/02\/WTT_380-1536x1024.jpg 1536w, https:\/\/alt-group.pl\/wp-content\/uploads\/2026\/02\/WTT_380-2048x1365.jpg 2048w\" sizes=\"auto, (max-width: 1024px) 100vw, 1024px\" \/><\/figure>\n","protected":false},"excerpt":{"rendered":"<p>Odzia\u0142ywanie \u015bwiat\u0142em na form\u0119 architektoniczn\u0105 mo\u017ce podkre\u015bla\u0107 i wzmacnia\u0107 obraz lub odwrotnie zak\u0142\u00f3ca\u0107 widok, deformowa\u0107, odwraca\u0107 uwag\u0119 i kreowa\u0107 iluzoryczne obrazy.Pos\u0142ugiwanie si\u0119 t\u0105 wiedz\u0105 daje ogromne mo\u017cliwo\u015bci kreowania przestrzeni i&#8230; <a class=\"read-more\" href=\"https:\/\/alt-group.pl\/?page_id=57\">Read more<\/a><\/p>\n","protected":false},"author":1,"featured_media":0,"parent":0,"menu_order":0,"comment_status":"closed","ping_status":"closed","template":"page-b.php","meta":{"ngg_post_thumbnail":0,"footnotes":""},"class_list":["post-57","page","type-page","status-publish","hentry"],"_links":{"self":[{"href":"https:\/\/alt-group.pl\/index.php?rest_route=\/wp\/v2\/pages\/57","targetHints":{"allow":["GET"]}}],"collection":[{"href":"https:\/\/alt-group.pl\/index.php?rest_route=\/wp\/v2\/pages"}],"about":[{"href":"https:\/\/alt-group.pl\/index.php?rest_route=\/wp\/v2\/types\/page"}],"author":[{"embeddable":true,"href":"https:\/\/alt-group.pl\/index.php?rest_route=\/wp\/v2\/users\/1"}],"replies":[{"embeddable":true,"href":"https:\/\/alt-group.pl\/index.php?rest_route=%2Fwp%2Fv2%2Fcomments&post=57"}],"version-history":[{"count":27,"href":"https:\/\/alt-group.pl\/index.php?rest_route=\/wp\/v2\/pages\/57\/revisions"}],"predecessor-version":[{"id":1401,"href":"https:\/\/alt-group.pl\/index.php?rest_route=\/wp\/v2\/pages\/57\/revisions\/1401"}],"wp:attachment":[{"href":"https:\/\/alt-group.pl\/index.php?rest_route=%2Fwp%2Fv2%2Fmedia&parent=57"}],"curies":[{"name":"wp","href":"https:\/\/api.w.org\/{rel}","templated":true}]}}